{"id":98,"date":"2023-02-27T12:06:51","date_gmt":"2023-02-27T11:06:51","guid":{"rendered":"https:\/\/www.lacasquettedigitale.fr\/shop\/?post_type=product&#038;p=98"},"modified":"2025-09-04T14:55:37","modified_gmt":"2025-09-04T12:55:37","slug":"casquette","status":"publish","type":"product","link":"https:\/\/www.lacasquettedigitale.fr\/shop\/produit\/casquette\/","title":{"rendered":"Casquette 5 panel"},"content":{"rendered":"<p>Casquette<\/p>\n","protected":false},"excerpt":{"rendered":"<p><strong>Casquette 5 panel\u00a0<\/strong><\/p>\n<p>La Casquette (pas) Digitale, ou l&rsquo;ultime couvre-chef pour \u00eatre frais en toutes circonstances !<\/p>\n<p><strong>Caract\u00e9ristiques :<\/strong><\/p>\n<ul>\n<li>Mod\u00e8le unisexe <span class=\"notion-enable-hover\" data-token-index=\"0\"><span role=\"img\" aria-label=\"\ud83d\udda4\">\ud83d\udda4<\/span><\/span><!-- notionvc: 9ca93fbf-a069-42ca-9497-d47a6039d2a6 --><\/li>\n<li>Casquette \u00e0 cinq pans<\/li>\n<li>Taille ajustable sur mesure gr\u00e2ce \u00e0 la sangle et \u00e0 la boucle \u00e0 l&rsquo;arri\u00e8re<\/li>\n<li>Logo brod\u00e9 devant<\/li>\n<\/ul>\n<p>&nbsp;<\/p>\n","protected":false},"featured_media":886,"template":"","meta":[],"product_brand":[],"product_cat":[22],"product_tag":[],"class_list":{"0":"post-98","1":"product","2":"type-product","3":"status-publish","4":"has-post-thumbnail","6":"product_cat-casquette","8":"first","9":"instock","10":"taxable","11":"shipping-taxable","12":"purchasable","13":"product-type-simple"},"yoast_head":"<!-- This site is optimized with the Yoast SEO plugin v25.8 - https:\/\/yoast.com\/wordpress\/plugins\/seo\/ -->\n<title>Casquette 5 panel - Shop de La Casquette Digitale<\/title>\n<meta name=\"description\" content=\"La casquette 5 panel saura te prot\u00e9ger du soleil tout en t&#039;offrant un style hors du commun (en toute modestie). Grosse ou petite t\u00eate, tu seras beau-gosse !\" \/>\n<meta name=\"robots\" content=\"index, follow, max-snippet:-1, max-image-preview:large, max-video-preview:-1\" \/>\n<link rel=\"canonical\" href=\"https:\/\/www.lacasquettedigitale.fr\/shop\/produit\/casquette\/\" \/>\n<meta property=\"og:locale\" content=\"fr_FR\" \/>\n<meta property=\"og:type\" content=\"article\" \/>\n<meta property=\"og:title\" content=\"Casquette 5 panel - Shop de La Casquette Digitale\" \/>\n<meta property=\"og:description\" content=\"La casquette 5 panel saura te prot\u00e9ger du soleil tout en t&#039;offrant un style hors du commun (en toute modestie). Grosse ou petite t\u00eate, tu seras beau-gosse !\" \/>\n<meta property=\"og:url\" content=\"https:\/\/www.lacasquettedigitale.fr\/shop\/produit\/casquette\/\" \/>\n<meta property=\"og:site_name\" content=\"Shop de La Casquette Digitale\" \/>\n<meta property=\"article:modified_time\" content=\"2025-09-04T12:55:37+00:00\" \/>\n<meta property=\"og:image\" content=\"https:\/\/www.lacasquettedigitale.fr\/shop\/wp-content\/uploads\/2023\/02\/La-casquette-digitale-casquette-5-panel-vue-de-dos.jpg\" \/>\n\t<meta property=\"og:image:width\" content=\"400\" \/>\n\t<meta property=\"og:image:height\" content=\"533\" \/>\n\t<meta property=\"og:image:type\" content=\"image\/jpeg\" \/>\n<meta name=\"twitter:card\" content=\"summary_large_image\" \/>\n<meta name=\"twitter:label1\" content=\"Dur\u00e9e de lecture estim\u00e9e\" \/>\n\t<meta name=\"twitter:data1\" content=\"1 minute\" \/>\n<script type=\"application\/ld+json\" class=\"yoast-schema-graph\">{\"@context\":\"https:\/\/schema.org\",\"@graph\":[{\"@type\":\"WebPage\",\"@id\":\"https:\/\/www.lacasquettedigitale.fr\/shop\/produit\/casquette\/\",\"url\":\"https:\/\/www.lacasquettedigitale.fr\/shop\/produit\/casquette\/\",\"name\":\"Casquette 5 panel - Shop de La Casquette Digitale\",\"isPartOf\":{\"@id\":\"https:\/\/www.lacasquettedigitale.fr\/shop\/#website\"},\"primaryImageOfPage\":{\"@id\":\"https:\/\/www.lacasquettedigitale.fr\/shop\/produit\/casquette\/#primaryimage\"},\"image\":{\"@id\":\"https:\/\/www.lacasquettedigitale.fr\/shop\/produit\/casquette\/#primaryimage\"},\"thumbnailUrl\":\"https:\/\/www.lacasquettedigitale.fr\/shop\/wp-content\/uploads\/2023\/02\/La-casquette-digitale-casquette-5-panel-vue-de-dos.jpg\",\"datePublished\":\"2023-02-27T11:06:51+00:00\",\"dateModified\":\"2025-09-04T12:55:37+00:00\",\"description\":\"La casquette 5 panel saura te prot\u00e9ger du soleil tout en t'offrant un style hors du commun (en toute modestie). Grosse ou petite t\u00eate, tu seras beau-gosse !\",\"breadcrumb\":{\"@id\":\"https:\/\/www.lacasquettedigitale.fr\/shop\/produit\/casquette\/#breadcrumb\"},\"inLanguage\":\"fr-FR\",\"potentialAction\":[{\"@type\":\"ReadAction\",\"target\":[\"https:\/\/www.lacasquettedigitale.fr\/shop\/produit\/casquette\/\"]}]},{\"@type\":\"ImageObject\",\"inLanguage\":\"fr-FR\",\"@id\":\"https:\/\/www.lacasquettedigitale.fr\/shop\/produit\/casquette\/#primaryimage\",\"url\":\"https:\/\/www.lacasquettedigitale.fr\/shop\/wp-content\/uploads\/2023\/02\/La-casquette-digitale-casquette-5-panel-vue-de-dos.jpg\",\"contentUrl\":\"https:\/\/www.lacasquettedigitale.fr\/shop\/wp-content\/uploads\/2023\/02\/La-casquette-digitale-casquette-5-panel-vue-de-dos.jpg\",\"width\":400,\"height\":533,\"caption\":\"casquette 5 panel - vue de dos\"},{\"@type\":\"BreadcrumbList\",\"@id\":\"https:\/\/www.lacasquettedigitale.fr\/shop\/produit\/casquette\/#breadcrumb\",\"itemListElement\":[{\"@type\":\"ListItem\",\"position\":1,\"name\":\"Accueil\",\"item\":\"https:\/\/www.lacasquettedigitale.fr\/shop\/\"},{\"@type\":\"ListItem\",\"position\":2,\"name\":\"Boutique\",\"item\":\"https:\/\/www.lacasquettedigitale.fr\/shop\/boutique-du-shop-de-la-casquette-digitale\/\"},{\"@type\":\"ListItem\",\"position\":3,\"name\":\"Casquette 5 panel\"}]},{\"@type\":\"WebSite\",\"@id\":\"https:\/\/www.lacasquettedigitale.fr\/shop\/#website\",\"url\":\"https:\/\/www.lacasquettedigitale.fr\/shop\/\",\"name\":\"Le shop de la Casquette Digitale\",\"description\":\"Le shop de La Casquette Digitale\",\"publisher\":{\"@id\":\"https:\/\/www.lacasquettedigitale.fr\/shop\/#organization\"},\"alternateName\":\"SLCD\",\"potentialAction\":[{\"@type\":\"SearchAction\",\"target\":{\"@type\":\"EntryPoint\",\"urlTemplate\":\"https:\/\/www.lacasquettedigitale.fr\/shop\/?s={search_term_string}\"},\"query-input\":{\"@type\":\"PropertyValueSpecification\",\"valueRequired\":true,\"valueName\":\"search_term_string\"}}],\"inLanguage\":\"fr-FR\"},{\"@type\":\"Organization\",\"@id\":\"https:\/\/www.lacasquettedigitale.fr\/shop\/#organization\",\"name\":\"La casquette digitale\",\"alternateName\":\"LCD\",\"url\":\"https:\/\/www.lacasquettedigitale.fr\/shop\/\",\"logo\":{\"@type\":\"ImageObject\",\"inLanguage\":\"fr-FR\",\"@id\":\"https:\/\/www.lacasquettedigitale.fr\/shop\/#\/schema\/logo\/image\/\",\"url\":\"https:\/\/www.lacasquettedigitale.fr\/shop\/wp-content\/uploads\/2023\/02\/cap512.png\",\"contentUrl\":\"https:\/\/www.lacasquettedigitale.fr\/shop\/wp-content\/uploads\/2023\/02\/cap512.png\",\"width\":512,\"height\":512,\"caption\":\"La casquette digitale\"},\"image\":{\"@id\":\"https:\/\/www.lacasquettedigitale.fr\/shop\/#\/schema\/logo\/image\/\"},\"sameAs\":[\"https:\/\/www.instagram.com\/la_casquette_digitale\",\"https:\/\/www.linkedin.com\/company\/la-casquette-digitale\/\"]}]}<\/script>\n<!-- \/ Yoast SEO plugin. -->","yoast_head_json":{"title":"Casquette 5 panel - Shop de La Casquette Digitale","description":"La casquette 5 panel saura te prot\u00e9ger du soleil tout en t'offrant un style hors du commun (en toute modestie). Grosse ou petite t\u00eate, tu seras beau-gosse !","robots":{"index":"index","follow":"follow","max-snippet":"max-snippet:-1","max-image-preview":"max-image-preview:large","max-video-preview":"max-video-preview:-1"},"canonical":"https:\/\/www.lacasquettedigitale.fr\/shop\/produit\/casquette\/","og_locale":"fr_FR","og_type":"article","og_title":"Casquette 5 panel - Shop de La Casquette Digitale","og_description":"La casquette 5 panel saura te prot\u00e9ger du soleil tout en t'offrant un style hors du commun (en toute modestie). Grosse ou petite t\u00eate, tu seras beau-gosse !","og_url":"https:\/\/www.lacasquettedigitale.fr\/shop\/produit\/casquette\/","og_site_name":"Shop de La Casquette Digitale","article_modified_time":"2025-09-04T12:55:37+00:00","og_image":[{"width":400,"height":533,"url":"https:\/\/www.lacasquettedigitale.fr\/shop\/wp-content\/uploads\/2023\/02\/La-casquette-digitale-casquette-5-panel-vue-de-dos.jpg","type":"image\/jpeg"}],"twitter_card":"summary_large_image","twitter_misc":{"Dur\u00e9e de lecture estim\u00e9e":"1 minute"},"schema":{"@context":"https:\/\/schema.org","@graph":[{"@type":"WebPage","@id":"https:\/\/www.lacasquettedigitale.fr\/shop\/produit\/casquette\/","url":"https:\/\/www.lacasquettedigitale.fr\/shop\/produit\/casquette\/","name":"Casquette 5 panel - Shop de La Casquette Digitale","isPartOf":{"@id":"https:\/\/www.lacasquettedigitale.fr\/shop\/#website"},"primaryImageOfPage":{"@id":"https:\/\/www.lacasquettedigitale.fr\/shop\/produit\/casquette\/#primaryimage"},"image":{"@id":"https:\/\/www.lacasquettedigitale.fr\/shop\/produit\/casquette\/#primaryimage"},"thumbnailUrl":"https:\/\/www.lacasquettedigitale.fr\/shop\/wp-content\/uploads\/2023\/02\/La-casquette-digitale-casquette-5-panel-vue-de-dos.jpg","datePublished":"2023-02-27T11:06:51+00:00","dateModified":"2025-09-04T12:55:37+00:00","description":"La casquette 5 panel saura te prot\u00e9ger du soleil tout en t'offrant un style hors du commun (en toute modestie). Grosse ou petite t\u00eate, tu seras beau-gosse !","breadcrumb":{"@id":"https:\/\/www.lacasquettedigitale.fr\/shop\/produit\/casquette\/#breadcrumb"},"inLanguage":"fr-FR","potentialAction":[{"@type":"ReadAction","target":["https:\/\/www.lacasquettedigitale.fr\/shop\/produit\/casquette\/"]}]},{"@type":"ImageObject","inLanguage":"fr-FR","@id":"https:\/\/www.lacasquettedigitale.fr\/shop\/produit\/casquette\/#primaryimage","url":"https:\/\/www.lacasquettedigitale.fr\/shop\/wp-content\/uploads\/2023\/02\/La-casquette-digitale-casquette-5-panel-vue-de-dos.jpg","contentUrl":"https:\/\/www.lacasquettedigitale.fr\/shop\/wp-content\/uploads\/2023\/02\/La-casquette-digitale-casquette-5-panel-vue-de-dos.jpg","width":400,"height":533,"caption":"casquette 5 panel - vue de dos"},{"@type":"BreadcrumbList","@id":"https:\/\/www.lacasquettedigitale.fr\/shop\/produit\/casquette\/#breadcrumb","itemListElement":[{"@type":"ListItem","position":1,"name":"Accueil","item":"https:\/\/www.lacasquettedigitale.fr\/shop\/"},{"@type":"ListItem","position":2,"name":"Boutique","item":"https:\/\/www.lacasquettedigitale.fr\/shop\/boutique-du-shop-de-la-casquette-digitale\/"},{"@type":"ListItem","position":3,"name":"Casquette 5 panel"}]},{"@type":"WebSite","@id":"https:\/\/www.lacasquettedigitale.fr\/shop\/#website","url":"https:\/\/www.lacasquettedigitale.fr\/shop\/","name":"Le shop de la Casquette Digitale","description":"Le shop de La Casquette Digitale","publisher":{"@id":"https:\/\/www.lacasquettedigitale.fr\/shop\/#organization"},"alternateName":"SLCD","potentialAction":[{"@type":"SearchAction","target":{"@type":"EntryPoint","urlTemplate":"https:\/\/www.lacasquettedigitale.fr\/shop\/?s={search_term_string}"},"query-input":{"@type":"PropertyValueSpecification","valueRequired":true,"valueName":"search_term_string"}}],"inLanguage":"fr-FR"},{"@type":"Organization","@id":"https:\/\/www.lacasquettedigitale.fr\/shop\/#organization","name":"La casquette digitale","alternateName":"LCD","url":"https:\/\/www.lacasquettedigitale.fr\/shop\/","logo":{"@type":"ImageObject","inLanguage":"fr-FR","@id":"https:\/\/www.lacasquettedigitale.fr\/shop\/#\/schema\/logo\/image\/","url":"https:\/\/www.lacasquettedigitale.fr\/shop\/wp-content\/uploads\/2023\/02\/cap512.png","contentUrl":"https:\/\/www.lacasquettedigitale.fr\/shop\/wp-content\/uploads\/2023\/02\/cap512.png","width":512,"height":512,"caption":"La casquette digitale"},"image":{"@id":"https:\/\/www.lacasquettedigitale.fr\/shop\/#\/schema\/logo\/image\/"},"sameAs":["https:\/\/www.instagram.com\/la_casquette_digitale","https:\/\/www.linkedin.com\/company\/la-casquette-digitale\/"]}]}},"_links":{"self":[{"href":"https:\/\/www.lacasquettedigitale.fr\/shop\/wp-json\/wp\/v2\/product\/98","targetHints":{"allow":["GET"]}}],"collection":[{"href":"https:\/\/www.lacasquettedigitale.fr\/shop\/wp-json\/wp\/v2\/product"}],"about":[{"href":"https:\/\/www.lacasquettedigitale.fr\/shop\/wp-json\/wp\/v2\/types\/product"}],"version-history":[{"count":11,"href":"https:\/\/www.lacasquettedigitale.fr\/shop\/wp-json\/wp\/v2\/product\/98\/revisions"}],"predecessor-version":[{"id":880,"href":"https:\/\/www.lacasquettedigitale.fr\/shop\/wp-json\/wp\/v2\/product\/98\/revisions\/880"}],"wp:featuredmedia":[{"embeddable":true,"href":"https:\/\/www.lacasquettedigitale.fr\/shop\/wp-json\/wp\/v2\/media\/886"}],"wp:attachment":[{"href":"https:\/\/www.lacasquettedigitale.fr\/shop\/wp-json\/wp\/v2\/media?parent=98"}],"wp:term":[{"taxonomy":"product_brand","embeddable":true,"href":"https:\/\/www.lacasquettedigitale.fr\/shop\/wp-json\/wp\/v2\/product_brand?post=98"},{"taxonomy":"product_cat","embeddable":true,"href":"https:\/\/www.lacasquettedigitale.fr\/shop\/wp-json\/wp\/v2\/product_cat?post=98"},{"taxonomy":"product_tag","embeddable":true,"href":"https:\/\/www.lacasquettedigitale.fr\/shop\/wp-json\/wp\/v2\/product_tag?post=98"}],"curies":[{"name":"wp","href":"https:\/\/api.w.org\/{rel}","templated":true}]}}